{"id":4734,"date":"2023-07-25T13:49:20","date_gmt":"2023-07-25T13:49:20","guid":{"rendered":"https:\/\/meditool-dz.com\/?page_id=4734"},"modified":"2025-02-12T12:26:25","modified_gmt":"2025-02-12T12:26:25","slug":"la-fabrication","status":"publish","type":"page","link":"https:\/\/meditool-dz.com\/en\/la-fabrication\/","title":{"rendered":"Manufacturing"},"content":{"rendered":"<div data-elementor-type=\"wp-page\" data-elementor-id=\"4734\" class=\"elementor elementor-4734\">\n\t\t\t\t\t\t<section class=\"elementor-section elementor-top-section elementor-element elementor-element-b6a03dc elementor-section-boxed elementor-section-height-default elementor-section-height-default\" data-id=\"b6a03dc\" data-element_type=\"section\">\n\t\t\t\t\t\t<div class=\"elementor-container elementor-column-gap-default\">\n\t\t\t\t\t<div class=\"elementor-column elementor-col-50 elementor-top-column elementor-element elementor-element-029ef89\" data-id=\"029ef89\" data-element_type=\"column\">\n\t\t\t<div class=\"elementor-widget-wrap elementor-element-populated\">\n\t\t\t\t\t\t<div class=\"elementor-element elementor-element-e53a386 elementor-widget elementor-widget-heading\" data-id=\"e53a386\" data-element_type=\"widget\" data-widget_type=\"heading.default\">\n\t\t\t\t<div class=\"elementor-widget-container\">\n\t\t\t\t\t<h2 class=\"elementor-heading-title elementor-size-default\">Manufacturing<\/h2>\t\t\t\t<\/div>\n\t\t\t\t<\/div>\n\t\t\t\t<div class=\"elementor-element elementor-element-024af8c elementor-widget elementor-widget-text-editor\" data-id=\"024af8c\" data-element_type=\"widget\" data-widget_type=\"text-editor.default\">\n\t\t\t\t<div class=\"elementor-widget-container\">\n\t\t\t\t\t\t\t\t\t<h4><span style=\"font-weight: 400;\">We pride ourselves on our expertise in the design and custom manufacture of drilling and geotechnical equipment. Our team of qualified engineers works closely with you to understand your specific needs and develop tailored solutions. Whether for specialist drilling machines, geotechnical probes or other equipment, we are able to create tailor-made products to meet your technical and operational requirements.<\/span><\/h4>\t\t\t\t\t\t\t\t<\/div>\n\t\t\t\t<\/div>\n\t\t\t\t\t<\/div>\n\t\t<\/div>\n\t\t\t\t<div class=\"elementor-column elementor-col-50 elementor-top-column elementor-element elementor-element-8590e8a\" data-id=\"8590e8a\" data-element_type=\"column\">\n\t\t\t<div class=\"elementor-widget-wrap elementor-element-populated\">\n\t\t\t\t\t\t<div class=\"elementor-element elementor-element-9a46dc8 elementor-widget elementor-widget-image\" data-id=\"9a46dc8\" data-element_type=\"widget\" data-widget_type=\"image.default\">\n\t\t\t\t<div class=\"elementor-widget-container\">\n\t\t\t\t\t\t\t\t\t\t\t\t\t\t\t<img fetchpriority=\"high\" decoding=\"async\" width=\"1024\" height=\"768\" src=\"https:\/\/meditool-dz.com\/wp-content\/uploads\/2025\/02\/IMG_0078-1024x768.jpg\" class=\"attachment-large size-large wp-image-6192\" alt=\"\" srcset=\"https:\/\/meditool-dz.com\/wp-content\/uploads\/2025\/02\/IMG_0078-1024x768.jpg 1024w, https:\/\/meditool-dz.com\/wp-content\/uploads\/2025\/02\/IMG_0078-300x225.jpg 300w, https:\/\/meditool-dz.com\/wp-content\/uploads\/2025\/02\/IMG_0078-768x576.jpg 768w, https:\/\/meditool-dz.com\/wp-content\/uploads\/2025\/02\/IMG_0078-1536x1152.jpg 1536w, https:\/\/meditool-dz.com\/wp-content\/uploads\/2025\/02\/IMG_0078-2048x1536.jpg 2048w, https:\/\/meditool-dz.com\/wp-content\/uploads\/2025\/02\/IMG_0078-16x12.jpg 16w, https:\/\/meditool-dz.com\/wp-content\/uploads\/2025\/02\/IMG_0078-600x450.jpg 600w\" sizes=\"(max-width: 1024px) 100vw, 1024px\" \/>\t\t\t\t\t\t\t\t\t\t\t\t\t\t\t<\/div>\n\t\t\t\t<\/div>\n\t\t\t\t\t<\/div>\n\t\t<\/div>\n\t\t\t\t\t<\/div>\n\t\t<\/section>\n\t\t\t\t<section class=\"elementor-section elementor-top-section elementor-element elementor-element-0d3d237 elementor-section-boxed elementor-section-height-default elementor-section-height-default\" data-id=\"0d3d237\" data-element_type=\"section\">\n\t\t\t\t\t\t<div class=\"elementor-container elementor-column-gap-default\">\n\t\t\t\t\t<div class=\"elementor-column elementor-col-25 elementor-top-column elementor-element elementor-element-a9d9b2e\" data-id=\"a9d9b2e\" data-element_type=\"column\">\n\t\t\t<div class=\"elementor-widget-wrap elementor-element-populated\">\n\t\t\t\t\t\t<div class=\"elementor-element elementor-element-952979c elementor-widget elementor-widget-image\" data-id=\"952979c\" data-element_type=\"widget\" data-widget_type=\"image.default\">\n\t\t\t\t<div class=\"elementor-widget-container\">\n\t\t\t\t\t\t\t\t\t\t\t\t\t\t\t<img decoding=\"async\" width=\"768\" height=\"1024\" src=\"https:\/\/meditool-dz.com\/wp-content\/uploads\/2023\/07\/157139796_5752227761457778_8970875555470397046_n-768x1024.jpg\" class=\"attachment-large size-large wp-image-5411\" alt=\"\" srcset=\"https:\/\/meditool-dz.com\/wp-content\/uploads\/2023\/07\/157139796_5752227761457778_8970875555470397046_n-768x1024.jpg 768w, https:\/\/meditool-dz.com\/wp-content\/uploads\/2023\/07\/157139796_5752227761457778_8970875555470397046_n-600x800.jpg 600w, https:\/\/meditool-dz.com\/wp-content\/uploads\/2023\/07\/157139796_5752227761457778_8970875555470397046_n-225x300.jpg 225w, https:\/\/meditool-dz.com\/wp-content\/uploads\/2023\/07\/157139796_5752227761457778_8970875555470397046_n-1152x1536.jpg 1152w, https:\/\/meditool-dz.com\/wp-content\/uploads\/2023\/07\/157139796_5752227761457778_8970875555470397046_n.jpg 1296w\" sizes=\"(max-width: 768px) 100vw, 768px\" \/>\t\t\t\t\t\t\t\t\t\t\t\t\t\t\t<\/div>\n\t\t\t\t<\/div>\n\t\t\t\t\t<\/div>\n\t\t<\/div>\n\t\t\t\t<div class=\"elementor-column elementor-col-25 elementor-top-column elementor-element elementor-element-e31b533\" data-id=\"e31b533\" data-element_type=\"column\">\n\t\t\t<div class=\"elementor-widget-wrap elementor-element-populated\">\n\t\t\t\t\t\t<div class=\"elementor-element elementor-element-b69912f elementor-widget elementor-widget-image\" data-id=\"b69912f\" data-element_type=\"widget\" data-widget_type=\"image.default\">\n\t\t\t\t<div class=\"elementor-widget-container\">\n\t\t\t\t\t\t\t\t\t\t\t\t\t\t\t<img decoding=\"async\" width=\"768\" height=\"1024\" src=\"https:\/\/meditool-dz.com\/wp-content\/uploads\/2023\/07\/157072303_5752227654791122_3100314798706188297_n-768x1024.jpg\" class=\"attachment-large size-large wp-image-5410\" alt=\"\" srcset=\"https:\/\/meditool-dz.com\/wp-content\/uploads\/2023\/07\/157072303_5752227654791122_3100314798706188297_n-768x1024.jpg 768w, https:\/\/meditool-dz.com\/wp-content\/uploads\/2023\/07\/157072303_5752227654791122_3100314798706188297_n-600x800.jpg 600w, https:\/\/meditool-dz.com\/wp-content\/uploads\/2023\/07\/157072303_5752227654791122_3100314798706188297_n-225x300.jpg 225w, https:\/\/meditool-dz.com\/wp-content\/uploads\/2023\/07\/157072303_5752227654791122_3100314798706188297_n-1152x1536.jpg 1152w, https:\/\/meditool-dz.com\/wp-content\/uploads\/2023\/07\/157072303_5752227654791122_3100314798706188297_n.jpg 1296w\" sizes=\"(max-width: 768px) 100vw, 768px\" \/>\t\t\t\t\t\t\t\t\t\t\t\t\t\t\t<\/div>\n\t\t\t\t<\/div>\n\t\t\t\t\t<\/div>\n\t\t<\/div>\n\t\t\t\t<div class=\"elementor-column elementor-col-25 elementor-top-column elementor-element elementor-element-94a6cd2\" data-id=\"94a6cd2\" data-element_type=\"column\">\n\t\t\t<div class=\"elementor-widget-wrap elementor-element-populated\">\n\t\t\t\t\t\t<div class=\"elementor-element elementor-element-5397462 elementor-widget elementor-widget-image\" data-id=\"5397462\" data-element_type=\"widget\" data-widget_type=\"image.default\">\n\t\t\t\t<div class=\"elementor-widget-container\">\n\t\t\t\t\t\t\t\t\t\t\t\t\t\t\t<img loading=\"lazy\" decoding=\"async\" width=\"768\" height=\"1024\" src=\"https:\/\/meditool-dz.com\/wp-content\/uploads\/2023\/07\/156940612_5752227491457805_8934538271197865936_n-768x1024.jpg\" class=\"attachment-large size-large wp-image-5409\" alt=\"\" srcset=\"https:\/\/meditool-dz.com\/wp-content\/uploads\/2023\/07\/156940612_5752227491457805_8934538271197865936_n-768x1024.jpg 768w, https:\/\/meditool-dz.com\/wp-content\/uploads\/2023\/07\/156940612_5752227491457805_8934538271197865936_n-600x800.jpg 600w, https:\/\/meditool-dz.com\/wp-content\/uploads\/2023\/07\/156940612_5752227491457805_8934538271197865936_n-225x300.jpg 225w, https:\/\/meditool-dz.com\/wp-content\/uploads\/2023\/07\/156940612_5752227491457805_8934538271197865936_n-1152x1536.jpg 1152w, https:\/\/meditool-dz.com\/wp-content\/uploads\/2023\/07\/156940612_5752227491457805_8934538271197865936_n.jpg 1296w\" sizes=\"(max-width: 768px) 100vw, 768px\" \/>\t\t\t\t\t\t\t\t\t\t\t\t\t\t\t<\/div>\n\t\t\t\t<\/div>\n\t\t\t\t\t<\/div>\n\t\t<\/div>\n\t\t\t\t<div class=\"elementor-column elementor-col-25 elementor-top-column elementor-element elementor-element-1d0c363\" data-id=\"1d0c363\" data-element_type=\"column\">\n\t\t\t<div class=\"elementor-widget-wrap elementor-element-populated\">\n\t\t\t\t\t\t<div class=\"elementor-element elementor-element-d1a8753 elementor-widget elementor-widget-image\" data-id=\"d1a8753\" data-element_type=\"widget\" data-widget_type=\"image.default\">\n\t\t\t\t<div class=\"elementor-widget-container\">\n\t\t\t\t\t\t\t\t\t\t\t\t\t\t\t<img loading=\"lazy\" decoding=\"async\" width=\"768\" height=\"1024\" src=\"https:\/\/meditool-dz.com\/wp-content\/uploads\/2023\/07\/157421806_5752226538124567_8099685340088156144_n-768x1024.jpg\" class=\"attachment-large size-large wp-image-5413\" alt=\"\" srcset=\"https:\/\/meditool-dz.com\/wp-content\/uploads\/2023\/07\/157421806_5752226538124567_8099685340088156144_n-768x1024.jpg 768w, https:\/\/meditool-dz.com\/wp-content\/uploads\/2023\/07\/157421806_5752226538124567_8099685340088156144_n-600x800.jpg 600w, https:\/\/meditool-dz.com\/wp-content\/uploads\/2023\/07\/157421806_5752226538124567_8099685340088156144_n-225x300.jpg 225w, https:\/\/meditool-dz.com\/wp-content\/uploads\/2023\/07\/157421806_5752226538124567_8099685340088156144_n-1152x1536.jpg 1152w, https:\/\/meditool-dz.com\/wp-content\/uploads\/2023\/07\/157421806_5752226538124567_8099685340088156144_n.jpg 1296w\" sizes=\"(max-width: 768px) 100vw, 768px\" \/>\t\t\t\t\t\t\t\t\t\t\t\t\t\t\t<\/div>\n\t\t\t\t<\/div>\n\t\t\t\t\t<\/div>\n\t\t<\/div>\n\t\t\t\t\t<\/div>\n\t\t<\/section>\n\t\t\t\t<\/div>","protected":false},"excerpt":{"rendered":"<p>Fabrication Nous sommes fiers de notre expertise en conception et en fabrication sur mesure d&rsquo;\u00e9quipements de forage et g\u00e9otechniques. Notre \u00e9quipe d&rsquo;ing\u00e9nieurs qualifi\u00e9s collabore \u00e9troitement avec vous pour comprendre vos&hellip;<\/p>","protected":false},"author":1,"featured_media":0,"parent":0,"menu_order":0,"comment_status":"closed","ping_status":"closed","template":"","meta":{"footnotes":""},"class_list":["post-4734","page","type-page","status-publish","hentry"],"_links":{"self":[{"href":"https:\/\/meditool-dz.com\/en\/wp-json\/wp\/v2\/pages\/4734","targetHints":{"allow":["GET"]}}],"collection":[{"href":"https:\/\/meditool-dz.com\/en\/wp-json\/wp\/v2\/pages"}],"about":[{"href":"https:\/\/meditool-dz.com\/en\/wp-json\/wp\/v2\/types\/page"}],"author":[{"embeddable":true,"href":"https:\/\/meditool-dz.com\/en\/wp-json\/wp\/v2\/users\/1"}],"replies":[{"embeddable":true,"href":"https:\/\/meditool-dz.com\/en\/wp-json\/wp\/v2\/comments?post=4734"}],"version-history":[{"count":3,"href":"https:\/\/meditool-dz.com\/en\/wp-json\/wp\/v2\/pages\/4734\/revisions"}],"predecessor-version":[{"id":6292,"href":"https:\/\/meditool-dz.com\/en\/wp-json\/wp\/v2\/pages\/4734\/revisions\/6292"}],"wp:attachment":[{"href":"https:\/\/meditool-dz.com\/en\/wp-json\/wp\/v2\/media?parent=4734"}],"curies":[{"name":"wp","href":"https:\/\/api.w.org\/{rel}","templated":true}]}}