{"id":4736,"date":"2023-07-25T13:51:12","date_gmt":"2023-07-25T13:51:12","guid":{"rendered":"https:\/\/meditool-dz.com\/?page_id=4736"},"modified":"2025-02-12T12:22:42","modified_gmt":"2025-02-12T12:22:42","slug":"la-maintenance-et-la-renovation-des-machines","status":"publish","type":"page","link":"https:\/\/meditool-dz.com\/en\/la-maintenance-et-la-renovation-des-machines\/","title":{"rendered":"Maintenance and Renovation"},"content":{"rendered":"<div data-elementor-type=\"wp-page\" data-elementor-id=\"4736\" class=\"elementor elementor-4736\">\n\t\t\t\t\t\t<section class=\"elementor-section elementor-top-section elementor-element elementor-element-8a9d67f elementor-section-boxed elementor-section-height-default elementor-section-height-default\" data-id=\"8a9d67f\" data-element_type=\"section\">\n\t\t\t\t\t\t<div class=\"elementor-container elementor-column-gap-default\">\n\t\t\t\t\t<div class=\"elementor-column elementor-col-50 elementor-top-column elementor-element elementor-element-a5f309b\" data-id=\"a5f309b\" data-element_type=\"column\" data-settings=\"{&quot;background_background&quot;:&quot;classic&quot;}\">\n\t\t\t<div class=\"elementor-widget-wrap elementor-element-populated\">\n\t\t\t\t\t\t<div class=\"elementor-element elementor-element-9b85548 elementor-widget elementor-widget-heading\" data-id=\"9b85548\" data-element_type=\"widget\" data-widget_type=\"heading.default\">\n\t\t\t\t<div class=\"elementor-widget-container\">\n\t\t\t\t\t<h2 class=\"elementor-heading-title elementor-size-default\">Maintenance and Renovation<\/h2>\t\t\t\t<\/div>\n\t\t\t\t<\/div>\n\t\t\t\t<div class=\"elementor-element elementor-element-20961d8 elementor-widget elementor-widget-text-editor\" data-id=\"20961d8\" data-element_type=\"widget\" data-widget_type=\"text-editor.default\">\n\t\t\t\t<div class=\"elementor-widget-container\">\n\t\t\t\t\t\t\t\t\t<h4><span style=\"font-weight: 400;\">Regular maintenance is essential to ensure the proper functioning of your drilling machines and to extend their life. Our team of experienced technicians offer preventive and curative maintenance services to detect potential problems and resolve them quickly. In addition, we offer refurbishment services to upgrade your existing equipment and improve its performance, saving you capital costs while maintaining optimum performance.<\/span><\/h4>\t\t\t\t\t\t\t\t<\/div>\n\t\t\t\t<\/div>\n\t\t\t\t\t<\/div>\n\t\t<\/div>\n\t\t\t\t<div class=\"elementor-column elementor-col-50 elementor-top-column elementor-element elementor-element-fa449d5\" data-id=\"fa449d5\" data-element_type=\"column\">\n\t\t\t<div class=\"elementor-widget-wrap elementor-element-populated\">\n\t\t\t\t\t\t<div class=\"elementor-element elementor-element-37ded98 elementor-widget elementor-widget-image\" data-id=\"37ded98\" data-element_type=\"widget\" data-widget_type=\"image.default\">\n\t\t\t\t<div class=\"elementor-widget-container\">\n\t\t\t\t\t\t\t\t\t\t\t\t\t\t\t<img fetchpriority=\"high\" decoding=\"async\" width=\"472\" height=\"902\" src=\"https:\/\/meditool-dz.com\/wp-content\/uploads\/2025\/02\/2-1.jpg\" class=\"attachment-large size-large wp-image-6269\" alt=\"\" \/>\t\t\t\t\t\t\t\t\t\t\t\t\t\t\t<\/div>\n\t\t\t\t<\/div>\n\t\t\t\t\t<\/div>\n\t\t<\/div>\n\t\t\t\t\t<\/div>\n\t\t<\/section>\n\t\t\t\t<section class=\"elementor-section elementor-top-section elementor-element elementor-element-b53a9f1 elementor-section-boxed elementor-section-height-default elementor-section-height-default\" data-id=\"b53a9f1\" data-element_type=\"section\">\n\t\t\t\t\t\t<div class=\"elementor-container elementor-column-gap-default\">\n\t\t\t\t\t<div class=\"elementor-column elementor-col-33 elementor-top-column elementor-element elementor-element-5a522b2\" data-id=\"5a522b2\" data-element_type=\"column\">\n\t\t\t<div class=\"elementor-widget-wrap elementor-element-populated\">\n\t\t\t\t\t\t<div class=\"elementor-element elementor-element-eca867c elementor-widget elementor-widget-image\" data-id=\"eca867c\" data-element_type=\"widget\" data-widget_type=\"image.default\">\n\t\t\t\t<div class=\"elementor-widget-container\">\n\t\t\t\t\t\t\t\t\t\t\t\t\t\t\t<img decoding=\"async\" width=\"1024\" height=\"768\" src=\"https:\/\/meditool-dz.com\/wp-content\/uploads\/2023\/07\/149972121_5653796304634258_5738302257816659176_n-1024x768.jpg\" class=\"attachment-large size-large wp-image-5457\" alt=\"\" srcset=\"https:\/\/meditool-dz.com\/wp-content\/uploads\/2023\/07\/149972121_5653796304634258_5738302257816659176_n-1024x768.jpg 1024w, https:\/\/meditool-dz.com\/wp-content\/uploads\/2023\/07\/149972121_5653796304634258_5738302257816659176_n-600x450.jpg 600w, https:\/\/meditool-dz.com\/wp-content\/uploads\/2023\/07\/149972121_5653796304634258_5738302257816659176_n-300x225.jpg 300w, https:\/\/meditool-dz.com\/wp-content\/uploads\/2023\/07\/149972121_5653796304634258_5738302257816659176_n-768x576.jpg 768w, https:\/\/meditool-dz.com\/wp-content\/uploads\/2023\/07\/149972121_5653796304634258_5738302257816659176_n-1536x1152.jpg 1536w, https:\/\/meditool-dz.com\/wp-content\/uploads\/2023\/07\/149972121_5653796304634258_5738302257816659176_n.jpg 1728w\" sizes=\"(max-width: 1024px) 100vw, 1024px\" \/>\t\t\t\t\t\t\t\t\t\t\t\t\t\t\t<\/div>\n\t\t\t\t<\/div>\n\t\t\t\t\t<\/div>\n\t\t<\/div>\n\t\t\t\t<div class=\"elementor-column elementor-col-33 elementor-top-column elementor-element elementor-element-2300103\" data-id=\"2300103\" data-element_type=\"column\">\n\t\t\t<div class=\"elementor-widget-wrap elementor-element-populated\">\n\t\t\t\t\t\t<div class=\"elementor-element elementor-element-c248c9e elementor-widget elementor-widget-image\" data-id=\"c248c9e\" data-element_type=\"widget\" data-widget_type=\"image.default\">\n\t\t\t\t<div class=\"elementor-widget-container\">\n\t\t\t\t\t\t\t\t\t\t\t\t\t\t\t<img decoding=\"async\" width=\"1024\" height=\"768\" src=\"https:\/\/meditool-dz.com\/wp-content\/uploads\/2023\/07\/134277767_5446332935380597_6393234439103010507_n-1024x768.jpg\" class=\"attachment-large size-large wp-image-5460\" alt=\"\" srcset=\"https:\/\/meditool-dz.com\/wp-content\/uploads\/2023\/07\/134277767_5446332935380597_6393234439103010507_n-1024x768.jpg 1024w, https:\/\/meditool-dz.com\/wp-content\/uploads\/2023\/07\/134277767_5446332935380597_6393234439103010507_n-600x450.jpg 600w, https:\/\/meditool-dz.com\/wp-content\/uploads\/2023\/07\/134277767_5446332935380597_6393234439103010507_n-300x225.jpg 300w, https:\/\/meditool-dz.com\/wp-content\/uploads\/2023\/07\/134277767_5446332935380597_6393234439103010507_n-768x576.jpg 768w, https:\/\/meditool-dz.com\/wp-content\/uploads\/2023\/07\/134277767_5446332935380597_6393234439103010507_n-1536x1152.jpg 1536w, https:\/\/meditool-dz.com\/wp-content\/uploads\/2023\/07\/134277767_5446332935380597_6393234439103010507_n.jpg 1920w\" sizes=\"(max-width: 1024px) 100vw, 1024px\" \/>\t\t\t\t\t\t\t\t\t\t\t\t\t\t\t<\/div>\n\t\t\t\t<\/div>\n\t\t\t\t\t<\/div>\n\t\t<\/div>\n\t\t\t\t<div class=\"elementor-column elementor-col-33 elementor-top-column elementor-element elementor-element-ef50c65\" data-id=\"ef50c65\" data-element_type=\"column\">\n\t\t\t<div class=\"elementor-widget-wrap elementor-element-populated\">\n\t\t\t\t\t\t<div class=\"elementor-element elementor-element-8df9bbc elementor-widget elementor-widget-image\" data-id=\"8df9bbc\" data-element_type=\"widget\" data-widget_type=\"image.default\">\n\t\t\t\t<div class=\"elementor-widget-container\">\n\t\t\t\t\t\t\t\t\t\t\t\t\t\t\t<img loading=\"lazy\" decoding=\"async\" width=\"1024\" height=\"576\" src=\"https:\/\/meditool-dz.com\/wp-content\/uploads\/2023\/07\/139932812_5539545476059342_3139772404941419605_n-1024x576.jpg\" class=\"attachment-large size-large wp-image-5459\" alt=\"\" srcset=\"https:\/\/meditool-dz.com\/wp-content\/uploads\/2023\/07\/139932812_5539545476059342_3139772404941419605_n-1024x576.jpg 1024w, https:\/\/meditool-dz.com\/wp-content\/uploads\/2023\/07\/139932812_5539545476059342_3139772404941419605_n-600x338.jpg 600w, https:\/\/meditool-dz.com\/wp-content\/uploads\/2023\/07\/139932812_5539545476059342_3139772404941419605_n-300x169.jpg 300w, https:\/\/meditool-dz.com\/wp-content\/uploads\/2023\/07\/139932812_5539545476059342_3139772404941419605_n-768x432.jpg 768w, https:\/\/meditool-dz.com\/wp-content\/uploads\/2023\/07\/139932812_5539545476059342_3139772404941419605_n-1536x864.jpg 1536w, https:\/\/meditool-dz.com\/wp-content\/uploads\/2023\/07\/139932812_5539545476059342_3139772404941419605_n.jpg 1578w\" sizes=\"(max-width: 1024px) 100vw, 1024px\" \/>\t\t\t\t\t\t\t\t\t\t\t\t\t\t\t<\/div>\n\t\t\t\t<\/div>\n\t\t\t\t\t<\/div>\n\t\t<\/div>\n\t\t\t\t\t<\/div>\n\t\t<\/section>\n\t\t\t\t<\/div>","protected":false},"excerpt":{"rendered":"<p>Maintenance et R\u00e9novation La maintenance r\u00e9guli\u00e8re est essentielle pour assurer le bon fonctionnement de vos machines de forage et prolonger leur dur\u00e9e de vie. Notre \u00e9quipe de techniciens exp\u00e9riment\u00e9s propose&hellip;<\/p>","protected":false},"author":1,"featured_media":0,"parent":0,"menu_order":0,"comment_status":"closed","ping_status":"closed","template":"","meta":{"footnotes":""},"class_list":["post-4736","page","type-page","status-publish","hentry"],"_links":{"self":[{"href":"https:\/\/meditool-dz.com\/en\/wp-json\/wp\/v2\/pages\/4736","targetHints":{"allow":["GET"]}}],"collection":[{"href":"https:\/\/meditool-dz.com\/en\/wp-json\/wp\/v2\/pages"}],"about":[{"href":"https:\/\/meditool-dz.com\/en\/wp-json\/wp\/v2\/types\/page"}],"author":[{"embeddable":true,"href":"https:\/\/meditool-dz.com\/en\/wp-json\/wp\/v2\/users\/1"}],"replies":[{"embeddable":true,"href":"https:\/\/meditool-dz.com\/en\/wp-json\/wp\/v2\/comments?post=4736"}],"version-history":[{"count":9,"href":"https:\/\/meditool-dz.com\/en\/wp-json\/wp\/v2\/pages\/4736\/revisions"}],"predecessor-version":[{"id":6285,"href":"https:\/\/meditool-dz.com\/en\/wp-json\/wp\/v2\/pages\/4736\/revisions\/6285"}],"wp:attachment":[{"href":"https:\/\/meditool-dz.com\/en\/wp-json\/wp\/v2\/media?parent=4736"}],"curies":[{"name":"wp","href":"https:\/\/api.w.org\/{rel}","templated":true}]}}