{"id":4738,"date":"2023-07-25T13:51:38","date_gmt":"2023-07-25T13:51:38","guid":{"rendered":"https:\/\/meditool-dz.com\/?page_id=4738"},"modified":"2025-02-12T12:40:18","modified_gmt":"2025-02-12T12:40:18","slug":"hydrauliques-de-forage","status":"publish","type":"page","link":"https:\/\/meditool-dz.com\/en\/hydrauliques-de-forage\/","title":{"rendered":"Drilling Hydraulics"},"content":{"rendered":"<div data-elementor-type=\"wp-page\" data-elementor-id=\"4738\" class=\"elementor elementor-4738\">\n\t\t\t\t\t\t<section class=\"elementor-section elementor-top-section elementor-element elementor-element-2e3eee7 elementor-section-boxed elementor-section-height-default elementor-section-height-default\" data-id=\"2e3eee7\" data-element_type=\"section\">\n\t\t\t\t\t\t<div class=\"elementor-container elementor-column-gap-default\">\n\t\t\t\t\t<div class=\"elementor-column elementor-col-50 elementor-top-column elementor-element elementor-element-d8b68d6\" data-id=\"d8b68d6\" data-element_type=\"column\">\n\t\t\t<div class=\"elementor-widget-wrap elementor-element-populated\">\n\t\t\t\t\t\t<div class=\"elementor-element elementor-element-f367ef7 elementor-widget elementor-widget-heading\" data-id=\"f367ef7\" data-element_type=\"widget\" data-widget_type=\"heading.default\">\n\t\t\t\t<div class=\"elementor-widget-container\">\n\t\t\t\t\t<h2 class=\"elementor-heading-title elementor-size-default\">Forage Traditionnelle<\/h2>\t\t\t\t<\/div>\n\t\t\t\t<\/div>\n\t\t\t\t<div class=\"elementor-element elementor-element-5994d07 elementor-widget elementor-widget-text-editor\" data-id=\"5994d07\" data-element_type=\"widget\" data-widget_type=\"text-editor.default\">\n\t\t\t\t<div class=\"elementor-widget-container\">\n\t\t\t\t\t\t\t\t\t<h4><span style=\"font-weight: 400;\">Hydraulic drilling systems are at the heart of our equipment to improve the efficiency of your operations. Thanks to our advanced hydraulic technologies, you can benefit from increased drilling power, improved precision and reduced execution time. This translates into increased productivity on the job site and reduced operational costs.<\/span><\/h4>\t\t\t\t\t\t\t\t<\/div>\n\t\t\t\t<\/div>\n\t\t\t\t\t<\/div>\n\t\t<\/div>\n\t\t\t\t<div class=\"elementor-column elementor-col-50 elementor-top-column elementor-element elementor-element-c0734cf\" data-id=\"c0734cf\" data-element_type=\"column\">\n\t\t\t<div class=\"elementor-widget-wrap elementor-element-populated\">\n\t\t\t\t\t\t<div class=\"elementor-element elementor-element-931a567 elementor-widget elementor-widget-image\" data-id=\"931a567\" data-element_type=\"widget\" data-widget_type=\"image.default\">\n\t\t\t\t<div class=\"elementor-widget-container\">\n\t\t\t\t\t\t\t\t\t\t\t\t\t\t\t<img fetchpriority=\"high\" decoding=\"async\" width=\"800\" height=\"534\" src=\"https:\/\/meditool-dz.com\/wp-content\/uploads\/2023\/07\/3d-rendering-hydraulic-elements-1-e1690622492368.jpg\" class=\"attachment-large size-large wp-image-5395\" alt=\"\" srcset=\"https:\/\/meditool-dz.com\/wp-content\/uploads\/2023\/07\/3d-rendering-hydraulic-elements-1-e1690622492368.jpg 800w, https:\/\/meditool-dz.com\/wp-content\/uploads\/2023\/07\/3d-rendering-hydraulic-elements-1-e1690622492368-600x401.jpg 600w, https:\/\/meditool-dz.com\/wp-content\/uploads\/2023\/07\/3d-rendering-hydraulic-elements-1-e1690622492368-300x200.jpg 300w, https:\/\/meditool-dz.com\/wp-content\/uploads\/2023\/07\/3d-rendering-hydraulic-elements-1-e1690622492368-768x513.jpg 768w\" sizes=\"(max-width: 800px) 100vw, 800px\" \/>\t\t\t\t\t\t\t\t\t\t\t\t\t\t\t<\/div>\n\t\t\t\t<\/div>\n\t\t\t\t\t<\/div>\n\t\t<\/div>\n\t\t\t\t\t<\/div>\n\t\t<\/section>\n\t\t\t\t<section class=\"elementor-section elementor-top-section elementor-element elementor-element-02f2fa3 elementor-section-boxed elementor-section-height-default elementor-section-height-default\" data-id=\"02f2fa3\" data-element_type=\"section\">\n\t\t\t\t\t\t<div class=\"elementor-container elementor-column-gap-default\">\n\t\t\t\t\t<div class=\"elementor-column elementor-col-33 elementor-top-column elementor-element elementor-element-3ff363b\" data-id=\"3ff363b\" data-element_type=\"column\">\n\t\t\t<div class=\"elementor-widget-wrap elementor-element-populated\">\n\t\t\t\t\t\t<div class=\"elementor-element elementor-element-ea03e30 elementor-widget elementor-widget-image\" data-id=\"ea03e30\" data-element_type=\"widget\" data-widget_type=\"image.default\">\n\t\t\t\t<div class=\"elementor-widget-container\">\n\t\t\t\t\t\t\t\t\t\t\t\t\t\t\t<img decoding=\"async\" width=\"1024\" height=\"768\" src=\"https:\/\/meditool-dz.com\/wp-content\/uploads\/2023\/07\/149974723_5653795927967629_3807054702904106046_n-1024x768.jpg\" class=\"attachment-large size-large wp-image-5429\" alt=\"\" srcset=\"https:\/\/meditool-dz.com\/wp-content\/uploads\/2023\/07\/149974723_5653795927967629_3807054702904106046_n-1024x768.jpg 1024w, https:\/\/meditool-dz.com\/wp-content\/uploads\/2023\/07\/149974723_5653795927967629_3807054702904106046_n-600x450.jpg 600w, https:\/\/meditool-dz.com\/wp-content\/uploads\/2023\/07\/149974723_5653795927967629_3807054702904106046_n-300x225.jpg 300w, https:\/\/meditool-dz.com\/wp-content\/uploads\/2023\/07\/149974723_5653795927967629_3807054702904106046_n-768x576.jpg 768w, https:\/\/meditool-dz.com\/wp-content\/uploads\/2023\/07\/149974723_5653795927967629_3807054702904106046_n-1536x1152.jpg 1536w, https:\/\/meditool-dz.com\/wp-content\/uploads\/2023\/07\/149974723_5653795927967629_3807054702904106046_n.jpg 1728w\" sizes=\"(max-width: 1024px) 100vw, 1024px\" \/>\t\t\t\t\t\t\t\t\t\t\t\t\t\t\t<\/div>\n\t\t\t\t<\/div>\n\t\t\t\t\t<\/div>\n\t\t<\/div>\n\t\t\t\t<div class=\"elementor-column elementor-col-33 elementor-top-column elementor-element elementor-element-433eda1\" data-id=\"433eda1\" data-element_type=\"column\">\n\t\t\t<div class=\"elementor-widget-wrap elementor-element-populated\">\n\t\t\t\t\t\t<div class=\"elementor-element elementor-element-fe18872 elementor-widget elementor-widget-image\" data-id=\"fe18872\" data-element_type=\"widget\" data-widget_type=\"image.default\">\n\t\t\t\t<div class=\"elementor-widget-container\">\n\t\t\t\t\t\t\t\t\t\t\t\t\t\t\t<img decoding=\"async\" width=\"1024\" height=\"768\" src=\"https:\/\/meditool-dz.com\/wp-content\/uploads\/2023\/07\/149988403_5653795704634318_528503646449634559_n-1024x768.jpg\" class=\"attachment-large size-large wp-image-5433\" alt=\"\" srcset=\"https:\/\/meditool-dz.com\/wp-content\/uploads\/2023\/07\/149988403_5653795704634318_528503646449634559_n-1024x768.jpg 1024w, https:\/\/meditool-dz.com\/wp-content\/uploads\/2023\/07\/149988403_5653795704634318_528503646449634559_n-600x450.jpg 600w, https:\/\/meditool-dz.com\/wp-content\/uploads\/2023\/07\/149988403_5653795704634318_528503646449634559_n-300x225.jpg 300w, https:\/\/meditool-dz.com\/wp-content\/uploads\/2023\/07\/149988403_5653795704634318_528503646449634559_n-768x576.jpg 768w, https:\/\/meditool-dz.com\/wp-content\/uploads\/2023\/07\/149988403_5653795704634318_528503646449634559_n-1536x1152.jpg 1536w, https:\/\/meditool-dz.com\/wp-content\/uploads\/2023\/07\/149988403_5653795704634318_528503646449634559_n.jpg 1728w\" sizes=\"(max-width: 1024px) 100vw, 1024px\" \/>\t\t\t\t\t\t\t\t\t\t\t\t\t\t\t<\/div>\n\t\t\t\t<\/div>\n\t\t\t\t\t<\/div>\n\t\t<\/div>\n\t\t\t\t<div class=\"elementor-column elementor-col-33 elementor-top-column elementor-element elementor-element-54d3d0a\" data-id=\"54d3d0a\" data-element_type=\"column\">\n\t\t\t<div class=\"elementor-widget-wrap elementor-element-populated\">\n\t\t\t\t\t\t<div class=\"elementor-element elementor-element-a5ea2f7 elementor-widget elementor-widget-image\" data-id=\"a5ea2f7\" data-element_type=\"widget\" data-widget_type=\"image.default\">\n\t\t\t\t<div class=\"elementor-widget-container\">\n\t\t\t\t\t\t\t\t\t\t\t\t\t\t\t<img loading=\"lazy\" decoding=\"async\" width=\"1024\" height=\"768\" src=\"https:\/\/meditool-dz.com\/wp-content\/uploads\/2023\/07\/149946548_5653796144634274_4654029408461668689_n-1024x768.jpg\" class=\"attachment-large size-large wp-image-5425\" alt=\"\" srcset=\"https:\/\/meditool-dz.com\/wp-content\/uploads\/2023\/07\/149946548_5653796144634274_4654029408461668689_n-1024x768.jpg 1024w, https:\/\/meditool-dz.com\/wp-content\/uploads\/2023\/07\/149946548_5653796144634274_4654029408461668689_n-600x450.jpg 600w, https:\/\/meditool-dz.com\/wp-content\/uploads\/2023\/07\/149946548_5653796144634274_4654029408461668689_n-300x225.jpg 300w, https:\/\/meditool-dz.com\/wp-content\/uploads\/2023\/07\/149946548_5653796144634274_4654029408461668689_n-768x576.jpg 768w, https:\/\/meditool-dz.com\/wp-content\/uploads\/2023\/07\/149946548_5653796144634274_4654029408461668689_n-1536x1152.jpg 1536w, https:\/\/meditool-dz.com\/wp-content\/uploads\/2023\/07\/149946548_5653796144634274_4654029408461668689_n.jpg 1728w\" sizes=\"(max-width: 1024px) 100vw, 1024px\" \/>\t\t\t\t\t\t\t\t\t\t\t\t\t\t\t<\/div>\n\t\t\t\t<\/div>\n\t\t\t\t\t<\/div>\n\t\t<\/div>\n\t\t\t\t\t<\/div>\n\t\t<\/section>\n\t\t\t\t<\/div>","protected":false},"excerpt":{"rendered":"<p>Forage Traditionnelle Les syst\u00e8mes hydrauliques de forage sont au c\u0153ur de nos \u00e9quipements pour am\u00e9liorer l&rsquo;efficacit\u00e9 de vos op\u00e9rations. Gr\u00e2ce \u00e0 nos technologies hydrauliques de pointe, vous pouvez b\u00e9n\u00e9ficier d&rsquo;une&hellip;<\/p>","protected":false},"author":1,"featured_media":0,"parent":0,"menu_order":0,"comment_status":"closed","ping_status":"closed","template":"","meta":{"footnotes":""},"class_list":["post-4738","page","type-page","status-publish","hentry"],"_links":{"self":[{"href":"https:\/\/meditool-dz.com\/en\/wp-json\/wp\/v2\/pages\/4738","targetHints":{"allow":["GET"]}}],"collection":[{"href":"https:\/\/meditool-dz.com\/en\/wp-json\/wp\/v2\/pages"}],"about":[{"href":"https:\/\/meditool-dz.com\/en\/wp-json\/wp\/v2\/types\/page"}],"author":[{"embeddable":true,"href":"https:\/\/meditool-dz.com\/en\/wp-json\/wp\/v2\/users\/1"}],"replies":[{"embeddable":true,"href":"https:\/\/meditool-dz.com\/en\/wp-json\/wp\/v2\/comments?post=4738"}],"version-history":[{"count":6,"href":"https:\/\/meditool-dz.com\/en\/wp-json\/wp\/v2\/pages\/4738\/revisions"}],"predecessor-version":[{"id":6304,"href":"https:\/\/meditool-dz.com\/en\/wp-json\/wp\/v2\/pages\/4738\/revisions\/6304"}],"wp:attachment":[{"href":"https:\/\/meditool-dz.com\/en\/wp-json\/wp\/v2\/media?parent=4738"}],"curies":[{"name":"wp","href":"https:\/\/api.w.org\/{rel}","templated":true}]}}