{"id":4740,"date":"2023-07-25T13:51:48","date_gmt":"2023-07-25T13:51:48","guid":{"rendered":"https:\/\/meditool-dz.com\/?page_id=4740"},"modified":"2025-02-12T12:37:32","modified_gmt":"2025-02-12T12:37:32","slug":"limportation-et-la-distribution","status":"publish","type":"page","link":"https:\/\/meditool-dz.com\/en\/limportation-et-la-distribution\/","title":{"rendered":"Import And Distribution"},"content":{"rendered":"<div data-elementor-type=\"wp-page\" data-elementor-id=\"4740\" class=\"elementor elementor-4740\">\n\t\t\t\t\t\t<section class=\"elementor-section elementor-top-section elementor-element elementor-element-0b4b57a elementor-section-boxed elementor-section-height-default elementor-section-height-default\" data-id=\"0b4b57a\" data-element_type=\"section\">\n\t\t\t\t\t\t<div class=\"elementor-container elementor-column-gap-default\">\n\t\t\t\t\t<div class=\"elementor-column elementor-col-50 elementor-top-column elementor-element elementor-element-2e6535f\" data-id=\"2e6535f\" data-element_type=\"column\">\n\t\t\t<div class=\"elementor-widget-wrap elementor-element-populated\">\n\t\t\t\t\t\t<div class=\"elementor-element elementor-element-de4fc14 elementor-widget elementor-widget-heading\" data-id=\"de4fc14\" data-element_type=\"widget\" data-widget_type=\"heading.default\">\n\t\t\t\t<div class=\"elementor-widget-container\">\n\t\t\t\t\t<h2 class=\"elementor-heading-title elementor-size-default\">Import And Distribution\n<\/h2>\t\t\t\t<\/div>\n\t\t\t\t<\/div>\n\t\t\t\t<div class=\"elementor-element elementor-element-cafad48 elementor-widget elementor-widget-text-editor\" data-id=\"cafad48\" data-element_type=\"widget\" data-widget_type=\"text-editor.default\">\n\t\t\t\t<div class=\"elementor-widget-container\">\n\t\t\t\t\t\t\t\t\t<h4><span style=\"font-weight: 400;\">As a trusted supplier, we rigorously select high-quality drilling equipment from renowned brands around the world. We import and distribute them to offer you a diverse range of products, meeting international standards of quality and performance. You can be assured of the reliability and durability of our equipment.<\/span><\/h4>\t\t\t\t\t\t\t\t<\/div>\n\t\t\t\t<\/div>\n\t\t\t\t\t<\/div>\n\t\t<\/div>\n\t\t\t\t<div class=\"elementor-column elementor-col-50 elementor-top-column elementor-element elementor-element-a1857a4\" data-id=\"a1857a4\" data-element_type=\"column\">\n\t\t\t<div class=\"elementor-widget-wrap elementor-element-populated\">\n\t\t\t\t\t\t<div class=\"elementor-element elementor-element-0996ef5 elementor-widget elementor-widget-image\" data-id=\"0996ef5\" data-element_type=\"widget\" data-widget_type=\"image.default\">\n\t\t\t\t<div class=\"elementor-widget-container\">\n\t\t\t\t\t\t\t\t\t\t\t\t\t\t\t<img fetchpriority=\"high\" decoding=\"async\" width=\"800\" height=\"533\" src=\"https:\/\/meditool-dz.com\/wp-content\/uploads\/2023\/07\/huge-cargo-crane-harbor-loading-yellow-container-ai-generative-1.jpg\" class=\"attachment-large size-large wp-image-5391\" alt=\"\" srcset=\"https:\/\/meditool-dz.com\/wp-content\/uploads\/2023\/07\/huge-cargo-crane-harbor-loading-yellow-container-ai-generative-1.jpg 800w, https:\/\/meditool-dz.com\/wp-content\/uploads\/2023\/07\/huge-cargo-crane-harbor-loading-yellow-container-ai-generative-1-600x400.jpg 600w, https:\/\/meditool-dz.com\/wp-content\/uploads\/2023\/07\/huge-cargo-crane-harbor-loading-yellow-container-ai-generative-1-300x200.jpg 300w, https:\/\/meditool-dz.com\/wp-content\/uploads\/2023\/07\/huge-cargo-crane-harbor-loading-yellow-container-ai-generative-1-768x512.jpg 768w\" sizes=\"(max-width: 800px) 100vw, 800px\" \/>\t\t\t\t\t\t\t\t\t\t\t\t\t\t\t<\/div>\n\t\t\t\t<\/div>\n\t\t\t\t\t<\/div>\n\t\t<\/div>\n\t\t\t\t\t<\/div>\n\t\t<\/section>\n\t\t\t\t<section class=\"elementor-section elementor-top-section elementor-element elementor-element-caf25ad elementor-section-boxed elementor-section-height-default elementor-section-height-default\" data-id=\"caf25ad\" data-element_type=\"section\">\n\t\t\t\t\t\t<div class=\"elementor-container elementor-column-gap-default\">\n\t\t\t\t\t<div class=\"elementor-column elementor-col-33 elementor-top-column elementor-element elementor-element-1d9c162\" data-id=\"1d9c162\" data-element_type=\"column\">\n\t\t\t<div class=\"elementor-widget-wrap elementor-element-populated\">\n\t\t\t\t\t\t<div class=\"elementor-element elementor-element-142a2a0 elementor-widget elementor-widget-image\" data-id=\"142a2a0\" data-element_type=\"widget\" data-widget_type=\"image.default\">\n\t\t\t\t<div class=\"elementor-widget-container\">\n\t\t\t\t\t\t\t\t\t\t\t\t\t\t\t<img decoding=\"async\" width=\"960\" height=\"720\" src=\"https:\/\/meditool-dz.com\/wp-content\/uploads\/2023\/07\/72992111_3609356632411579_4368616553378217984_n.jpg\" class=\"attachment-large size-large wp-image-5452\" alt=\"\" srcset=\"https:\/\/meditool-dz.com\/wp-content\/uploads\/2023\/07\/72992111_3609356632411579_4368616553378217984_n.jpg 960w, https:\/\/meditool-dz.com\/wp-content\/uploads\/2023\/07\/72992111_3609356632411579_4368616553378217984_n-600x450.jpg 600w, https:\/\/meditool-dz.com\/wp-content\/uploads\/2023\/07\/72992111_3609356632411579_4368616553378217984_n-300x225.jpg 300w, https:\/\/meditool-dz.com\/wp-content\/uploads\/2023\/07\/72992111_3609356632411579_4368616553378217984_n-768x576.jpg 768w\" sizes=\"(max-width: 960px) 100vw, 960px\" \/>\t\t\t\t\t\t\t\t\t\t\t\t\t\t\t<\/div>\n\t\t\t\t<\/div>\n\t\t\t\t\t<\/div>\n\t\t<\/div>\n\t\t\t\t<div class=\"elementor-column elementor-col-33 elementor-top-column elementor-element elementor-element-14d29d6\" data-id=\"14d29d6\" data-element_type=\"column\">\n\t\t\t<div class=\"elementor-widget-wrap elementor-element-populated\">\n\t\t\t\t\t\t<div class=\"elementor-element elementor-element-0c1dafb elementor-widget elementor-widget-image\" data-id=\"0c1dafb\" data-element_type=\"widget\" data-widget_type=\"image.default\">\n\t\t\t\t<div class=\"elementor-widget-container\">\n\t\t\t\t\t\t\t\t\t\t\t\t\t\t\t<img decoding=\"async\" width=\"1024\" height=\"768\" src=\"https:\/\/meditool-dz.com\/wp-content\/uploads\/2023\/07\/134132155_5446303038716920_2209142815533791470_n-1024x768.jpg\" class=\"attachment-large size-large wp-image-5450\" alt=\"\" srcset=\"https:\/\/meditool-dz.com\/wp-content\/uploads\/2023\/07\/134132155_5446303038716920_2209142815533791470_n-1024x768.jpg 1024w, https:\/\/meditool-dz.com\/wp-content\/uploads\/2023\/07\/134132155_5446303038716920_2209142815533791470_n-600x450.jpg 600w, https:\/\/meditool-dz.com\/wp-content\/uploads\/2023\/07\/134132155_5446303038716920_2209142815533791470_n-300x225.jpg 300w, https:\/\/meditool-dz.com\/wp-content\/uploads\/2023\/07\/134132155_5446303038716920_2209142815533791470_n-768x576.jpg 768w, https:\/\/meditool-dz.com\/wp-content\/uploads\/2023\/07\/134132155_5446303038716920_2209142815533791470_n-1536x1152.jpg 1536w, https:\/\/meditool-dz.com\/wp-content\/uploads\/2023\/07\/134132155_5446303038716920_2209142815533791470_n.jpg 1920w\" sizes=\"(max-width: 1024px) 100vw, 1024px\" \/>\t\t\t\t\t\t\t\t\t\t\t\t\t\t\t<\/div>\n\t\t\t\t<\/div>\n\t\t\t\t\t<\/div>\n\t\t<\/div>\n\t\t\t\t<div class=\"elementor-column elementor-col-33 elementor-top-column elementor-element elementor-element-1c44805\" data-id=\"1c44805\" data-element_type=\"column\">\n\t\t\t<div class=\"elementor-widget-wrap elementor-element-populated\">\n\t\t\t\t\t\t<div class=\"elementor-element elementor-element-c479568 elementor-widget elementor-widget-image\" data-id=\"c479568\" data-element_type=\"widget\" data-widget_type=\"image.default\">\n\t\t\t\t<div class=\"elementor-widget-container\">\n\t\t\t\t\t\t\t\t\t\t\t\t\t\t\t<img loading=\"lazy\" decoding=\"async\" width=\"1024\" height=\"768\" src=\"https:\/\/meditool-dz.com\/wp-content\/uploads\/2023\/07\/134520584_5445931658754058_2627878768348560472_n-1024x768.jpg\" class=\"attachment-large size-large wp-image-5451\" alt=\"\" srcset=\"https:\/\/meditool-dz.com\/wp-content\/uploads\/2023\/07\/134520584_5445931658754058_2627878768348560472_n-1024x768.jpg 1024w, https:\/\/meditool-dz.com\/wp-content\/uploads\/2023\/07\/134520584_5445931658754058_2627878768348560472_n-600x450.jpg 600w, https:\/\/meditool-dz.com\/wp-content\/uploads\/2023\/07\/134520584_5445931658754058_2627878768348560472_n-300x225.jpg 300w, https:\/\/meditool-dz.com\/wp-content\/uploads\/2023\/07\/134520584_5445931658754058_2627878768348560472_n-768x576.jpg 768w, https:\/\/meditool-dz.com\/wp-content\/uploads\/2023\/07\/134520584_5445931658754058_2627878768348560472_n-1536x1152.jpg 1536w, https:\/\/meditool-dz.com\/wp-content\/uploads\/2023\/07\/134520584_5445931658754058_2627878768348560472_n.jpg 1920w\" sizes=\"(max-width: 1024px) 100vw, 1024px\" \/>\t\t\t\t\t\t\t\t\t\t\t\t\t\t\t<\/div>\n\t\t\t\t<\/div>\n\t\t\t\t\t<\/div>\n\t\t<\/div>\n\t\t\t\t\t<\/div>\n\t\t<\/section>\n\t\t\t\t<\/div>","protected":false},"excerpt":{"rendered":"<p>Importation et Distribution En tant que fournisseur de confiance, nous s\u00e9lectionnons rigoureusement des \u00e9quipements de forage de haute qualit\u00e9 aupr\u00e8s de marques renomm\u00e9es \u00e0 travers le monde. Nous les importons&hellip;<\/p>","protected":false},"author":1,"featured_media":0,"parent":0,"menu_order":0,"comment_status":"closed","ping_status":"closed","template":"","meta":{"footnotes":""},"class_list":["post-4740","page","type-page","status-publish","hentry"],"_links":{"self":[{"href":"https:\/\/meditool-dz.com\/en\/wp-json\/wp\/v2\/pages\/4740","targetHints":{"allow":["GET"]}}],"collection":[{"href":"https:\/\/meditool-dz.com\/en\/wp-json\/wp\/v2\/pages"}],"about":[{"href":"https:\/\/meditool-dz.com\/en\/wp-json\/wp\/v2\/types\/page"}],"author":[{"embeddable":true,"href":"https:\/\/meditool-dz.com\/en\/wp-json\/wp\/v2\/users\/1"}],"replies":[{"embeddable":true,"href":"https:\/\/meditool-dz.com\/en\/wp-json\/wp\/v2\/comments?post=4740"}],"version-history":[{"count":3,"href":"https:\/\/meditool-dz.com\/en\/wp-json\/wp\/v2\/pages\/4740\/revisions"}],"predecessor-version":[{"id":6298,"href":"https:\/\/meditool-dz.com\/en\/wp-json\/wp\/v2\/pages\/4740\/revisions\/6298"}],"wp:attachment":[{"href":"https:\/\/meditool-dz.com\/en\/wp-json\/wp\/v2\/media?parent=4740"}],"curies":[{"name":"wp","href":"https:\/\/api.w.org\/{rel}","templated":true}]}}