{"id":4742,"date":"2023-07-25T13:51:58","date_gmt":"2023-07-25T13:51:58","guid":{"rendered":"https:\/\/meditool-dz.com\/?page_id=4742"},"modified":"2025-02-12T12:33:19","modified_gmt":"2025-02-12T12:33:19","slug":"forage","status":"publish","type":"page","link":"https:\/\/meditool-dz.com\/en\/forage\/","title":{"rendered":"Drilling"},"content":{"rendered":"<div data-elementor-type=\"wp-page\" data-elementor-id=\"4742\" class=\"elementor elementor-4742\">\n\t\t\t\t\t\t<section class=\"elementor-section elementor-top-section elementor-element elementor-element-03d9419 elementor-section-boxed elementor-section-height-default elementor-section-height-default\" data-id=\"03d9419\" data-element_type=\"section\">\n\t\t\t\t\t\t<div class=\"elementor-container elementor-column-gap-default\">\n\t\t\t\t\t<div class=\"elementor-column elementor-col-50 elementor-top-column elementor-element elementor-element-02fe9e8\" data-id=\"02fe9e8\" data-element_type=\"column\">\n\t\t\t<div class=\"elementor-widget-wrap elementor-element-populated\">\n\t\t\t\t\t\t<div class=\"elementor-element elementor-element-d6ce676 elementor-widget elementor-widget-heading\" data-id=\"d6ce676\" data-element_type=\"widget\" data-widget_type=\"heading.default\">\n\t\t\t\t<div class=\"elementor-widget-container\">\n\t\t\t\t\t<h2 class=\"elementor-heading-title elementor-size-default\">Drilling<\/h2>\t\t\t\t<\/div>\n\t\t\t\t<\/div>\n\t\t\t\t<div class=\"elementor-element elementor-element-cb57a2e elementor-widget elementor-widget-text-editor\" data-id=\"cb57a2e\" data-element_type=\"widget\" data-widget_type=\"text-editor.default\">\n\t\t\t\t<div class=\"elementor-widget-container\">\n\t\t\t\t\t\t\t\t\t<h4><span style=\"font-weight: 400;\">Our state-of-the-art drilling equipment is designed to deliver maximum efficiency, increased productivity and accurate results. Whether you need to carry out geotechnical drilling for soil surveys, water drilling for wells or specialized drilling for special foundations, our drilling solutions enable you to successfully complete your projects.<\/span><\/h4>\t\t\t\t\t\t\t\t<\/div>\n\t\t\t\t<\/div>\n\t\t\t\t\t<\/div>\n\t\t<\/div>\n\t\t\t\t<div class=\"elementor-column elementor-col-50 elementor-top-column elementor-element elementor-element-088b72d\" data-id=\"088b72d\" data-element_type=\"column\">\n\t\t\t<div class=\"elementor-widget-wrap elementor-element-populated\">\n\t\t\t\t\t\t<div class=\"elementor-element elementor-element-687cb2e elementor-widget elementor-widget-image\" data-id=\"687cb2e\" data-element_type=\"widget\" data-widget_type=\"image.default\">\n\t\t\t\t<div class=\"elementor-widget-container\">\n\t\t\t\t\t\t\t\t\t\t\t\t\t\t\t<img fetchpriority=\"high\" decoding=\"async\" width=\"494\" height=\"844\" src=\"https:\/\/meditool-dz.com\/wp-content\/uploads\/2023\/07\/18582163_1873527539327839_8498886637260079160_n-e1690624560549.jpg\" class=\"attachment-large size-large wp-image-5483\" alt=\"\" srcset=\"https:\/\/meditool-dz.com\/wp-content\/uploads\/2023\/07\/18582163_1873527539327839_8498886637260079160_n-e1690624560549.jpg 494w, https:\/\/meditool-dz.com\/wp-content\/uploads\/2023\/07\/18582163_1873527539327839_8498886637260079160_n-e1690624560549-176x300.jpg 176w\" sizes=\"(max-width: 494px) 100vw, 494px\" \/>\t\t\t\t\t\t\t\t\t\t\t\t\t\t\t<\/div>\n\t\t\t\t<\/div>\n\t\t\t\t\t<\/div>\n\t\t<\/div>\n\t\t\t\t\t<\/div>\n\t\t<\/section>\n\t\t\t\t<section class=\"elementor-section elementor-top-section elementor-element elementor-element-08f6a49 elementor-section-boxed elementor-section-height-default elementor-section-height-default\" data-id=\"08f6a49\" data-element_type=\"section\">\n\t\t\t\t\t\t<div class=\"elementor-container elementor-column-gap-default\">\n\t\t\t\t\t<div class=\"elementor-column elementor-col-33 elementor-top-column elementor-element elementor-element-9f28a97\" data-id=\"9f28a97\" data-element_type=\"column\">\n\t\t\t<div class=\"elementor-widget-wrap elementor-element-populated\">\n\t\t\t\t\t\t<div class=\"elementor-element elementor-element-4c771c1 elementor-widget elementor-widget-image\" data-id=\"4c771c1\" data-element_type=\"widget\" data-widget_type=\"image.default\">\n\t\t\t\t<div class=\"elementor-widget-container\">\n\t\t\t\t\t\t\t\t\t\t\t\t\t\t\t<img decoding=\"async\" width=\"960\" height=\"540\" src=\"https:\/\/meditool-dz.com\/wp-content\/uploads\/2023\/07\/18698400_1877668285580431_2319330902134508918_n.jpg\" class=\"attachment-large size-large wp-image-5479\" alt=\"\" srcset=\"https:\/\/meditool-dz.com\/wp-content\/uploads\/2023\/07\/18698400_1877668285580431_2319330902134508918_n.jpg 960w, https:\/\/meditool-dz.com\/wp-content\/uploads\/2023\/07\/18698400_1877668285580431_2319330902134508918_n-600x338.jpg 600w, https:\/\/meditool-dz.com\/wp-content\/uploads\/2023\/07\/18698400_1877668285580431_2319330902134508918_n-300x169.jpg 300w, https:\/\/meditool-dz.com\/wp-content\/uploads\/2023\/07\/18698400_1877668285580431_2319330902134508918_n-768x432.jpg 768w\" sizes=\"(max-width: 960px) 100vw, 960px\" \/>\t\t\t\t\t\t\t\t\t\t\t\t\t\t\t<\/div>\n\t\t\t\t<\/div>\n\t\t\t\t\t<\/div>\n\t\t<\/div>\n\t\t\t\t<div class=\"elementor-column elementor-col-33 elementor-top-column elementor-element elementor-element-12398f9\" data-id=\"12398f9\" data-element_type=\"column\">\n\t\t\t<div class=\"elementor-widget-wrap elementor-element-populated\">\n\t\t\t\t\t\t<div class=\"elementor-element elementor-element-1a112ec elementor-widget elementor-widget-image\" data-id=\"1a112ec\" data-element_type=\"widget\" data-widget_type=\"image.default\">\n\t\t\t\t<div class=\"elementor-widget-container\">\n\t\t\t\t\t\t\t\t\t\t\t\t\t\t\t<img decoding=\"async\" width=\"1024\" height=\"768\" src=\"https:\/\/meditool-dz.com\/wp-content\/uploads\/2023\/07\/134440839_5446333925380498_8486180069088479250_n-1024x768.jpg\" class=\"attachment-large size-large wp-image-5475\" alt=\"\" srcset=\"https:\/\/meditool-dz.com\/wp-content\/uploads\/2023\/07\/134440839_5446333925380498_8486180069088479250_n-1024x768.jpg 1024w, https:\/\/meditool-dz.com\/wp-content\/uploads\/2023\/07\/134440839_5446333925380498_8486180069088479250_n-600x450.jpg 600w, https:\/\/meditool-dz.com\/wp-content\/uploads\/2023\/07\/134440839_5446333925380498_8486180069088479250_n-300x225.jpg 300w, https:\/\/meditool-dz.com\/wp-content\/uploads\/2023\/07\/134440839_5446333925380498_8486180069088479250_n-768x576.jpg 768w, https:\/\/meditool-dz.com\/wp-content\/uploads\/2023\/07\/134440839_5446333925380498_8486180069088479250_n-1536x1152.jpg 1536w, https:\/\/meditool-dz.com\/wp-content\/uploads\/2023\/07\/134440839_5446333925380498_8486180069088479250_n.jpg 1920w\" sizes=\"(max-width: 1024px) 100vw, 1024px\" \/>\t\t\t\t\t\t\t\t\t\t\t\t\t\t\t<\/div>\n\t\t\t\t<\/div>\n\t\t\t\t\t<\/div>\n\t\t<\/div>\n\t\t\t\t<div class=\"elementor-column elementor-col-33 elementor-top-column elementor-element elementor-element-2fad462\" data-id=\"2fad462\" data-element_type=\"column\">\n\t\t\t<div class=\"elementor-widget-wrap elementor-element-populated\">\n\t\t\t\t\t\t<div class=\"elementor-element elementor-element-c76de69 elementor-widget elementor-widget-image\" data-id=\"c76de69\" data-element_type=\"widget\" data-widget_type=\"image.default\">\n\t\t\t\t<div class=\"elementor-widget-container\">\n\t\t\t\t\t\t\t\t\t\t\t\t\t\t\t<img loading=\"lazy\" decoding=\"async\" width=\"960\" height=\"720\" src=\"https:\/\/meditool-dz.com\/wp-content\/uploads\/2023\/07\/72291501_3609356492411593_5383509285244239872_n.jpg\" class=\"attachment-large size-large wp-image-5476\" alt=\"\" srcset=\"https:\/\/meditool-dz.com\/wp-content\/uploads\/2023\/07\/72291501_3609356492411593_5383509285244239872_n.jpg 960w, https:\/\/meditool-dz.com\/wp-content\/uploads\/2023\/07\/72291501_3609356492411593_5383509285244239872_n-600x450.jpg 600w, https:\/\/meditool-dz.com\/wp-content\/uploads\/2023\/07\/72291501_3609356492411593_5383509285244239872_n-300x225.jpg 300w, https:\/\/meditool-dz.com\/wp-content\/uploads\/2023\/07\/72291501_3609356492411593_5383509285244239872_n-768x576.jpg 768w\" sizes=\"(max-width: 960px) 100vw, 960px\" \/>\t\t\t\t\t\t\t\t\t\t\t\t\t\t\t<\/div>\n\t\t\t\t<\/div>\n\t\t\t\t\t<\/div>\n\t\t<\/div>\n\t\t\t\t\t<\/div>\n\t\t<\/section>\n\t\t\t\t<\/div>","protected":false},"excerpt":{"rendered":"<p>Forage Nos \u00e9quipements de forage de pointe sont con\u00e7us pour offrir une efficacit\u00e9 maximale, une productivit\u00e9 accrue et des r\u00e9sultats pr\u00e9cis. Que vous ayez besoin de r\u00e9aliser des forages g\u00e9otechniques&hellip;<\/p>","protected":false},"author":1,"featured_media":0,"parent":0,"menu_order":0,"comment_status":"closed","ping_status":"closed","template":"","meta":{"footnotes":""},"class_list":["post-4742","page","type-page","status-publish","hentry"],"_links":{"self":[{"href":"https:\/\/meditool-dz.com\/en\/wp-json\/wp\/v2\/pages\/4742","targetHints":{"allow":["GET"]}}],"collection":[{"href":"https:\/\/meditool-dz.com\/en\/wp-json\/wp\/v2\/pages"}],"about":[{"href":"https:\/\/meditool-dz.com\/en\/wp-json\/wp\/v2\/types\/page"}],"author":[{"embeddable":true,"href":"https:\/\/meditool-dz.com\/en\/wp-json\/wp\/v2\/users\/1"}],"replies":[{"embeddable":true,"href":"https:\/\/meditool-dz.com\/en\/wp-json\/wp\/v2\/comments?post=4742"}],"version-history":[{"count":6,"href":"https:\/\/meditool-dz.com\/en\/wp-json\/wp\/v2\/pages\/4742\/revisions"}],"predecessor-version":[{"id":6295,"href":"https:\/\/meditool-dz.com\/en\/wp-json\/wp\/v2\/pages\/4742\/revisions\/6295"}],"wp:attachment":[{"href":"https:\/\/meditool-dz.com\/en\/wp-json\/wp\/v2\/media?parent=4742"}],"curies":[{"name":"wp","href":"https:\/\/api.w.org\/{rel}","templated":true}]}}