{"id":4744,"date":"2023-07-25T13:52:27","date_gmt":"2023-07-25T13:52:27","guid":{"rendered":"https:\/\/meditool-dz.com\/?page_id=4744"},"modified":"2025-02-12T12:37:59","modified_gmt":"2025-02-12T12:37:59","slug":"services-apres-ventes","status":"publish","type":"page","link":"https:\/\/meditool-dz.com\/en\/services-apres-ventes\/","title":{"rendered":"After-Sale Service"},"content":{"rendered":"<div data-elementor-type=\"wp-page\" data-elementor-id=\"4744\" class=\"elementor elementor-4744\">\n\t\t\t\t\t\t<section class=\"elementor-section elementor-top-section elementor-element elementor-element-aa4ad65 elementor-section-boxed elementor-section-height-default elementor-section-height-default\" data-id=\"aa4ad65\" data-element_type=\"section\">\n\t\t\t\t\t\t<div class=\"elementor-container elementor-column-gap-default\">\n\t\t\t\t\t<div class=\"elementor-column elementor-col-100 elementor-top-column elementor-element elementor-element-afb6e0e\" data-id=\"afb6e0e\" data-element_type=\"column\">\n\t\t\t<div class=\"elementor-widget-wrap elementor-element-populated\">\n\t\t\t\t\t\t<div class=\"elementor-element elementor-element-3c9c67d elementor-widget elementor-widget-heading\" data-id=\"3c9c67d\" data-element_type=\"widget\" data-widget_type=\"heading.default\">\n\t\t\t\t<div class=\"elementor-widget-container\">\n\t\t\t\t\t<h2 class=\"elementor-heading-title elementor-size-default\">Formation et Service apr\u00e8s-vente<\/h2>\t\t\t\t<\/div>\n\t\t\t\t<\/div>\n\t\t\t\t<div class=\"elementor-element elementor-element-106ebac elementor-widget elementor-widget-text-editor\" data-id=\"106ebac\" data-element_type=\"widget\" data-widget_type=\"text-editor.default\">\n\t\t\t\t<div class=\"elementor-widget-container\">\n\t\t\t\t\t\t\t\t\t<h4 class=\"translation-block\">After-sales service plays an essential role in our customer processes. At MEDITOOL, we are committed to supporting our customers throughout their projects, ensuring that our products work properly and are used optimally, in order to build a strong customer relationship and drive even more sales.<br>With our tailor-made resources and specific tools, our specialised and qualified staff provide maintenance and after-sales service on all brands of drilling and sounding equipment.<\/h4>\t\t\t\t\t\t\t\t<\/div>\n\t\t\t\t<\/div>\n\t\t\t\t<div class=\"elementor-element elementor-element-f5ec5e2 elementor-widget elementor-widget-text-editor\" data-id=\"f5ec5e2\" data-element_type=\"widget\" data-widget_type=\"text-editor.default\">\n\t\t\t\t<div class=\"elementor-widget-container\">\n\t\t\t\t\t\t\t\t\t<h4 class=\"translation-block\">After-sales service encompasses all the services provided to customers after purchase, depending on our activities and our core business:<br> * Follow-up after the purchase of a product or service. <br> * Regular maintenance. <br> * Troubleshooting in case of malfunction.<\/h4>\t\t\t\t\t\t\t\t<\/div>\n\t\t\t\t<\/div>\n\t\t\t\t<div class=\"elementor-element elementor-element-8618583 elementor-widget elementor-widget-image\" data-id=\"8618583\" data-element_type=\"widget\" data-widget_type=\"image.default\">\n\t\t\t\t<div class=\"elementor-widget-container\">\n\t\t\t\t\t\t\t\t\t\t\t\t\t\t\t<img fetchpriority=\"high\" decoding=\"async\" width=\"704\" height=\"202\" src=\"https:\/\/meditool-dz.com\/wp-content\/uploads\/2023\/07\/SAV.png\" class=\"attachment-large size-large wp-image-5337\" alt=\"\" srcset=\"https:\/\/meditool-dz.com\/wp-content\/uploads\/2023\/07\/SAV.png 704w, https:\/\/meditool-dz.com\/wp-content\/uploads\/2023\/07\/SAV-600x172.png 600w, https:\/\/meditool-dz.com\/wp-content\/uploads\/2023\/07\/SAV-300x86.png 300w\" sizes=\"(max-width: 704px) 100vw, 704px\" \/>\t\t\t\t\t\t\t\t\t\t\t\t\t\t\t<\/div>\n\t\t\t\t<\/div>\n\t\t\t\t\t<\/div>\n\t\t<\/div>\n\t\t\t\t\t<\/div>\n\t\t<\/section>\n\t\t\t\t<\/div>","protected":false},"excerpt":{"rendered":"<p>Formation et Service apr\u00e8s-vente Le service apr\u00e8s-vente occupe une place essentielle dans nos processus clients. Chez MEDITOOL, nous nous engageons \u00e0 accompagner nos clients tout au long de leurs projets,&hellip;<\/p>","protected":false},"author":1,"featured_media":0,"parent":0,"menu_order":0,"comment_status":"closed","ping_status":"closed","template":"","meta":{"footnotes":""},"class_list":["post-4744","page","type-page","status-publish","hentry"],"_links":{"self":[{"href":"https:\/\/meditool-dz.com\/en\/wp-json\/wp\/v2\/pages\/4744","targetHints":{"allow":["GET"]}}],"collection":[{"href":"https:\/\/meditool-dz.com\/en\/wp-json\/wp\/v2\/pages"}],"about":[{"href":"https:\/\/meditool-dz.com\/en\/wp-json\/wp\/v2\/types\/page"}],"author":[{"embeddable":true,"href":"https:\/\/meditool-dz.com\/en\/wp-json\/wp\/v2\/users\/1"}],"replies":[{"embeddable":true,"href":"https:\/\/meditool-dz.com\/en\/wp-json\/wp\/v2\/comments?post=4744"}],"version-history":[{"count":3,"href":"https:\/\/meditool-dz.com\/en\/wp-json\/wp\/v2\/pages\/4744\/revisions"}],"predecessor-version":[{"id":6301,"href":"https:\/\/meditool-dz.com\/en\/wp-json\/wp\/v2\/pages\/4744\/revisions\/6301"}],"wp:attachment":[{"href":"https:\/\/meditool-dz.com\/en\/wp-json\/wp\/v2\/media?parent=4744"}],"curies":[{"name":"wp","href":"https:\/\/api.w.org\/{rel}","templated":true}]}}