{"id":5449,"date":"2023-07-29T09:48:03","date_gmt":"2023-07-29T09:48:03","guid":{"rendered":"https:\/\/meditool-dz.com\/?post_type=product&#038;p=5449"},"modified":"2025-01-08T13:01:09","modified_gmt":"2025-01-08T13:01:09","slug":"carotteuse-a-bitume","status":"publish","type":"product","link":"https:\/\/meditool-dz.com\/en\/product\/carotteuse-a-bitume\/","title":{"rendered":"Core Drilling Machine"},"content":{"rendered":"<p><span style=\"font-weight: 400;\"><strong>The Carotteuse Has Bitumen:<\/strong><\/span><\/p>\n<p><span class=\"OYPEnA font-feature-liga-off font-feature-clig-off font-feature-calt-off text-decoration-none text-strikethrough-none\">une machine normalis\u00e9 destin\u00e9 sp\u00e9cialement pour le controle de qualit\u00e9 des enrobages hydrocarbon\u00e9s et<\/span> <span class=\"OYPEnA font-feature-liga-off font-feature-clig-off font-feature-calt-off text-decoration-none text-strikethrough-none\">beton.<\/span><\/p>\n<table>\n<tbody>\n<tr>\n<th><em><span class=\"OYPEnA font-feature-liga-off font-feature-clig-off font-feature-calt-off text-decoration-none text-strikethrough-none\">DONN\u00c9ES TECHNIQUES :<\/span><\/em><\/th>\n<\/tr>\n<tr>\n<td>\n<ul>\n<li><em><span class=\"OYPEnA font-feature-liga-off font-feature-clig-off font-feature-calt-off text-decoration-none text-strikethrough-none\">entrainer par un moteur \u00e0 essence<\/span><\/em><\/li>\n<\/ul>\n<\/td>\n<\/tr>\n<tr>\n<td>\n<ul>\n<li>transmission a courroies<\/li>\n<\/ul>\n<\/td>\n<\/tr>\n<tr>\n<td>\n<ul>\n<li><em><span class=\"OYPEnA font-feature-liga-off font-feature-clig-off font-feature-calt-off text-decoration-none text-strikethrough-none\">dimension 73 \u00d7 36 \u00d7 80 cm<\/span><\/em><\/li>\n<\/ul>\n<\/td>\n<\/tr>\n<tr>\n<td>\n<div class=\"table-container\">\n<div class=\"table-container\">\n<div class=\"table-container\">\n<ul>\n<li><em><span class=\"OYPEnA font-feature-liga-off font-feature-clig-off font-feature-calt-off text-decoration-none text-strikethrough-none\">hauteur utile 450 m<\/span><\/em><\/li>\n<\/ul>\n<\/div>\n<\/div>\n<\/div>\n<\/td>\n<\/tr>\n<tr>\n<td>\n<div class=\"table-container\">\n<ul>\n<li><em><span class=\"OYPEnA font-feature-liga-off font-feature-clig-off font-feature-calt-off text-decoration-none text-strikethrough-none\">connexion 1<\/span> <span class=\"OYPEnA font-feature-liga-off font-feature-clig-off font-feature-calt-off text-decoration-none text-strikethrough-none\">\u00bc<\/span><\/em><\/li>\n<\/ul>\n<\/div>\n<\/td>\n<\/tr>\n<\/tbody>\n<\/table>","protected":false},"excerpt":{"rendered":"<p>La Carotteuse A Bitume: une machine normalis\u00e9 destin\u00e9 sp\u00e9cialement pour le controle de qualit\u00e9 des enrobages hydrocarbon\u00e9s et beton. DONN\u00c9ES TECHNIQUES : entrainer par un moteur \u00e0 essence transmission a&hellip;<\/p>","protected":false},"featured_media":5456,"template":"","meta":[],"product_brand":[],"product_cat":[77],"product_tag":[],"class_list":{"0":"post-5449","1":"product","2":"type-product","3":"status-publish","4":"has-post-thumbnail","6":"product_cat-geotechnique","8":"first","9":"instock","10":"shipping-taxable","11":"product-type-simple"},"_links":{"self":[{"href":"https:\/\/meditool-dz.com\/en\/wp-json\/wp\/v2\/product\/5449","targetHints":{"allow":["GET"]}}],"collection":[{"href":"https:\/\/meditool-dz.com\/en\/wp-json\/wp\/v2\/product"}],"about":[{"href":"https:\/\/meditool-dz.com\/en\/wp-json\/wp\/v2\/types\/product"}],"wp:featuredmedia":[{"embeddable":true,"href":"https:\/\/meditool-dz.com\/en\/wp-json\/wp\/v2\/media\/5456"}],"wp:attachment":[{"href":"https:\/\/meditool-dz.com\/en\/wp-json\/wp\/v2\/media?parent=5449"}],"wp:term":[{"taxonomy":"product_brand","embeddable":true,"href":"https:\/\/meditool-dz.com\/en\/wp-json\/wp\/v2\/product_brand?post=5449"},{"taxonomy":"product_cat","embeddable":true,"href":"https:\/\/meditool-dz.com\/en\/wp-json\/wp\/v2\/product_cat?post=5449"},{"taxonomy":"product_tag","embeddable":true,"href":"https:\/\/meditool-dz.com\/en\/wp-json\/wp\/v2\/product_tag?post=5449"}],"curies":[{"name":"wp","href":"https:\/\/api.w.org\/{rel}","templated":true}]}}