{"id":5464,"date":"2023-07-29T09:52:15","date_gmt":"2023-07-29T09:52:15","guid":{"rendered":"https:\/\/meditool-dz.com\/?post_type=product&#038;p=5464"},"modified":"2025-04-30T09:57:28","modified_gmt":"2025-04-30T09:57:28","slug":"stp-automatique","status":"publish","type":"product","link":"https:\/\/meditool-dz.com\/en\/product\/stp-automatique\/","title":{"rendered":"AUTOMATIC STANDARD PENETRATION TEST (SPT)"},"content":{"rendered":"<p><strong>Penetration Standard Automatic (SPT):\u00a0<\/strong><\/p>\n<p><span class=\"OYPEnA font-feature-liga-off font-feature-clig-off font-feature-calt-off text-decoration-none text-strikethrough-none\">cette m\u00e9thode permet de d\u00e9terminer la r\u00e9sistance des sols<\/span> <span class=\"OYPEnA font-feature-liga-off font-feature-clig-off font-feature-calt-off text-decoration-none text-strikethrough-none\">a la p\u00e9n\u00e9tration dynamique d\u2019un<\/span> <span class=\"OYPEnA font-feature-liga-off font-feature-clig-off font-feature-calt-off text-decoration-none text-strikethrough-none\">tube<\/span> <span class=\"OYPEnA font-feature-liga-off font-feature-clig-off font-feature-calt-off text-decoration-none text-strikethrough-none\">fondu<\/span> <span class=\"OYPEnA font-feature-liga-off font-feature-clig-off font-feature-calt-off text-decoration-none text-strikethrough-none\">et<\/span> <span class=\"OYPEnA font-feature-liga-off font-feature-clig-off font-feature-calt-off text-decoration-none text-strikethrough-none\">pr\u00e9l\u00e8vement d\u2019\u00e9chantillons<\/span><\/p>\n<div class=\"table-container\">\n<table>\n<tbody>\n<tr>\n<th><span class=\"OYPEnA font-feature-liga-off font-feature-clig-off font-feature-calt-off text-decoration-none text-strikethrough-none\">DONN\u00c9ES TECHNIQUES:<\/span><\/th>\n<\/tr>\n<tr>\n<td>\n<ul>\n<li><span class=\"OYPEnA font-feature-liga-off font-feature-clig-off font-feature-calt-off text-decoration-none text-strikethrough-none\">une masse de 64 KG<\/span><\/li>\n<\/ul>\n<\/td>\n<\/tr>\n<tr>\n<td>\n<ul>\n<li><span class=\"OYPEnA font-feature-liga-off font-feature-clig-off font-feature-calt-off text-decoration-none text-strikethrough-none\">un system hydraulique<\/span><\/li>\n<\/ul>\n<\/td>\n<\/tr>\n<tr>\n<td>\n<ul>\n<li><span class=\"OYPEnA font-feature-liga-off font-feature-clig-off font-feature-calt-off text-decoration-none text-strikethrough-none\">hauteur de chute 75 cm<\/span><\/li>\n<\/ul>\n<\/td>\n<\/tr>\n<\/tbody>\n<\/table>\n<\/div>\n<div class=\"table-container\"><\/div>","protected":false},"excerpt":{"rendered":"<p>P\u00e9n\u00e9tration Standard Automatique (SPT):\u00a0 cette m\u00e9thode permet de d\u00e9terminer la r\u00e9sistance des sols a la p\u00e9n\u00e9tration dynamique d\u2019un tube fondu et pr\u00e9l\u00e8vement d\u2019\u00e9chantillons DONN\u00c9ES TECHNIQUES: une masse de 64 KG&hellip;<\/p>","protected":false},"featured_media":5468,"template":"","meta":[],"product_brand":[],"product_cat":[77],"product_tag":[],"class_list":{"0":"post-5464","1":"product","2":"type-product","3":"status-publish","4":"has-post-thumbnail","6":"product_cat-geotechnique","8":"first","9":"instock","10":"shipping-taxable","11":"product-type-simple"},"_links":{"self":[{"href":"https:\/\/meditool-dz.com\/en\/wp-json\/wp\/v2\/product\/5464","targetHints":{"allow":["GET"]}}],"collection":[{"href":"https:\/\/meditool-dz.com\/en\/wp-json\/wp\/v2\/product"}],"about":[{"href":"https:\/\/meditool-dz.com\/en\/wp-json\/wp\/v2\/types\/product"}],"wp:featuredmedia":[{"embeddable":true,"href":"https:\/\/meditool-dz.com\/en\/wp-json\/wp\/v2\/media\/5468"}],"wp:attachment":[{"href":"https:\/\/meditool-dz.com\/en\/wp-json\/wp\/v2\/media?parent=5464"}],"wp:term":[{"taxonomy":"product_brand","embeddable":true,"href":"https:\/\/meditool-dz.com\/en\/wp-json\/wp\/v2\/product_brand?post=5464"},{"taxonomy":"product_cat","embeddable":true,"href":"https:\/\/meditool-dz.com\/en\/wp-json\/wp\/v2\/product_cat?post=5464"},{"taxonomy":"product_tag","embeddable":true,"href":"https:\/\/meditool-dz.com\/en\/wp-json\/wp\/v2\/product_tag?post=5464"}],"curies":[{"name":"wp","href":"https:\/\/api.w.org\/{rel}","templated":true}]}}