{"id":5469,"date":"2023-07-29T09:54:22","date_gmt":"2023-07-29T09:54:22","guid":{"rendered":"https:\/\/meditool-dz.com\/?post_type=product&#038;p=5469"},"modified":"2025-04-08T14:11:58","modified_gmt":"2025-04-08T14:11:58","slug":"essai-de-la-plaque","status":"publish","type":"product","link":"https:\/\/meditool-dz.com\/en\/product\/essai-de-la-plaque\/","title":{"rendered":"ESSAI A LA PLAQUE"},"content":{"rendered":"<p><span style=\"font-weight: 400;\"><strong>L&rsquo;Essai De La Plaque:<\/strong><\/span><\/p>\n<p><span style=\"font-weight: 400;\">\u00a0une m\u00e9thode fiable et largement utilis\u00e9e pour \u00e9valuer la capacit\u00e9 portante du sol.<\/span><\/p>\n<div class=\"table-container\">\n<div class=\"table-container\">\n<div class=\"table-container\">\n<table style=\"height: 496px;\" width=\"1031\">\n<tbody>\n<tr>\n<th><span class=\"OYPEnA font-feature-liga-off font-feature-clig-off font-feature-calt-off text-decoration-none text-strikethrough-none\">DONN\u00c9ES TECHNIQUES :<\/span><\/th>\n<\/tr>\n<tr>\n<td>\n<ul>\n<li><span class=\"OYPEnA font-feature-liga-off font-feature-clig-off font-feature-calt-off text-decoration-none text-strikethrough-none\">une plaque de charge de:<\/span><\/li>\n<\/ul>\n<p>&nbsp;<\/p>\n<p class=\"cvGsUA direction-ltr align-justify para-style-body\"><span class=\"OYPEnA font-feature-liga-off font-feature-clig-off font-feature-calt-off text-decoration-none text-strikethrough-none\">\u00a0 \u00a0 600mm.\u00a0 \u00a0 \u00a0 \u00a0 \u00a0 \u00a0 \u00a0 \u00a0 \u00a0 \u00a0 \u00a0 <\/span><span class=\"OYPEnA font-feature-liga-off font-feature-clig-off font-feature-calt-off text-decoration-none text-strikethrough-none\">300mm.<\/span><\/p>\n<\/td>\n<\/tr>\n<tr>\n<td>&nbsp;<\/p>\n<ul>\n<li><span class=\"OYPEnA font-feature-liga-off font-feature-clig-off font-feature-calt-off text-decoration-none text-strikethrough-none\">un verin d\u2019une capacit\u00e9 de 15 T.<\/span><\/li>\n<\/ul>\n<\/td>\n<\/tr>\n<tr>\n<td>&nbsp;<\/p>\n<ul>\n<li><span class=\"OYPEnA font-feature-liga-off font-feature-clig-off font-feature-calt-off text-decoration-none text-strikethrough-none\">une pompe hydraulique a main avec un manometre de pression relier au verin par un flexible.<\/span><\/li>\n<\/ul>\n<\/td>\n<\/tr>\n<tr>\n<td>&nbsp;<\/p>\n<ul>\n<li><span class=\"OYPEnA font-feature-liga-off font-feature-clig-off font-feature-calt-off text-decoration-none text-strikethrough-none\">1er bout relier a la plaque<\/span> <span class=\"OYPEnA font-feature-liga-off font-feature-clig-off font-feature-calt-off text-decoration-none text-strikethrough-none\">et le 2\u00e8me relier a un comparateur.<\/span><\/li>\n<\/ul>\n<\/td>\n<\/tr>\n<\/tbody>\n<\/table>\n<\/div>\n<\/div>\n<div class=\"table-container\"><\/div>\n<\/div>","protected":false},"excerpt":{"rendered":"<p>L&rsquo;Essai De La Plaque: \u00a0une m\u00e9thode fiable et largement utilis\u00e9e pour \u00e9valuer la capacit\u00e9 portante du sol. DONN\u00c9ES TECHNIQUES : une plaque de charge de: &nbsp; \u00a0 \u00a0 600mm.\u00a0 \u00a0&hellip;<\/p>","protected":false},"featured_media":5473,"template":"","meta":[],"product_brand":[],"product_cat":[77],"product_tag":[],"class_list":{"0":"post-5469","1":"product","2":"type-product","3":"status-publish","4":"has-post-thumbnail","6":"product_cat-geotechnique","8":"first","9":"instock","10":"shipping-taxable","11":"product-type-simple"},"_links":{"self":[{"href":"https:\/\/meditool-dz.com\/en\/wp-json\/wp\/v2\/product\/5469","targetHints":{"allow":["GET"]}}],"collection":[{"href":"https:\/\/meditool-dz.com\/en\/wp-json\/wp\/v2\/product"}],"about":[{"href":"https:\/\/meditool-dz.com\/en\/wp-json\/wp\/v2\/types\/product"}],"wp:featuredmedia":[{"embeddable":true,"href":"https:\/\/meditool-dz.com\/en\/wp-json\/wp\/v2\/media\/5473"}],"wp:attachment":[{"href":"https:\/\/meditool-dz.com\/en\/wp-json\/wp\/v2\/media?parent=5469"}],"wp:term":[{"taxonomy":"product_brand","embeddable":true,"href":"https:\/\/meditool-dz.com\/en\/wp-json\/wp\/v2\/product_brand?post=5469"},{"taxonomy":"product_cat","embeddable":true,"href":"https:\/\/meditool-dz.com\/en\/wp-json\/wp\/v2\/product_cat?post=5469"},{"taxonomy":"product_tag","embeddable":true,"href":"https:\/\/meditool-dz.com\/en\/wp-json\/wp\/v2\/product_tag?post=5469"}],"curies":[{"name":"wp","href":"https:\/\/api.w.org\/{rel}","templated":true}]}}