{"id":5976,"date":"2024-12-12T14:17:03","date_gmt":"2024-12-12T14:17:03","guid":{"rendered":"https:\/\/meditool-dz.com\/?post_type=product&#038;p=5976"},"modified":"2025-04-08T10:48:51","modified_gmt":"2025-04-08T10:48:51","slug":"sondeuses-geotechnique-sur-chenille","status":"publish","type":"product","link":"https:\/\/meditool-dz.com\/en\/product\/sondeuses-geotechnique-sur-chenille\/","title":{"rendered":"SONDEUSES GEOTECHNIQUE SUR CHENILLE"},"content":{"rendered":"<div>\n<p>&nbsp;<\/p>\n<p><strong>SONDEUSES GEOTECHNIQUE SUR CHENILLE:<\/strong><\/p>\n<\/div>\n<div>\n<p><span style=\"font-size: 16px;\">un \u00e9quipement sp\u00e9cialis\u00e9 con\u00e7u pour les \u00e9tudes g\u00e9otechniques dans des terrains difficiles d\u2019acc\u00e8s.<\/span><\/p>\n<p>&nbsp;<\/p>\n<\/div>\n<table>\n<tbody>\n<tr>\n<th><strong>DONN\u00c9ES TECHNIQUES:<\/strong><\/th>\n<\/tr>\n<tr>\n<td>\n<ul>\n<li><span class=\"OYPEnA font-feature-liga-off font-feature-clig-off font-feature-calt-off text-decoration-none text-strikethrough-none\">chenillard :<\/span><\/li>\n<\/ul>\n<p>&nbsp;<\/p>\n<p class=\"cvGsUA direction-ltr align-start para-style-body\"><span class=\"OYPEnA font-feature-liga-off font-feature-clig-off font-feature-calt-off text-decoration-none text-strikethrough-none\">&#8211; longueur : 2m.\u00a0 \u00a0 \u00a0 \u00a0 \u00a0 \u00a0 \u00a0 <\/span><span class=\"OYPEnA font-feature-liga-off font-feature-clig-off font-feature-calt-off text-decoration-none text-strikethrough-none\">-largeur : 30cm.<\/span><\/p>\n<\/td>\n<\/tr>\n<tr>\n<td>\n<ul>\n<li><span class=\"OYPEnA font-feature-liga-off font-feature-clig-off font-feature-calt-off text-decoration-none text-strikethrough-none\">mat :<\/span><\/li>\n<\/ul>\n<p>&nbsp;<\/p>\n<p class=\"cvGsUA direction-ltr align-start para-style-body\"><span class=\"OYPEnA font-feature-liga-off font-feature-clig-off font-feature-calt-off text-decoration-none text-strikethrough-none\">-longueur : 4.2m.\u00a0 \u00a0 \u00a0 \u00a0 \u00a0 \u00a0 \u00a0<\/span><span class=\"OYPEnA font-feature-liga-off font-feature-clig-off font-feature-calt-off text-decoration-none text-strikethrough-none\">&#8211; cours utile : 3.2m.<\/span><\/p>\n<\/td>\n<\/tr>\n<tr>\n<td>\n<ul>\n<li><span class=\"OYPEnA font-feature-liga-off font-feature-clig-off font-feature-calt-off text-decoration-none text-strikethrough-none\">treuille:<\/span><\/li>\n<\/ul>\n<p>&nbsp;<\/p>\n<p class=\"cvGsUA direction-ltr align-start para-style-body\"><span class=\"OYPEnA font-feature-liga-off font-feature-clig-off font-feature-calt-off text-decoration-none text-strikethrough-none\">-poids : 1 Tonne.<\/span><\/p>\n<\/td>\n<\/tr>\n<tr>\n<td>\n<ul>\n<li>groupe de puissance:<\/li>\n<\/ul>\n<p>&nbsp;<\/p>\n<p>-moteur : deutz 6 cylindres.\u00a0 \u00a0 \u00a0 \u00a0 -puissance utilise : 45 cv.\u00a0 \u00a0 \u00a0 \u00a0 \u00a0 -pression max : 250 barre.<\/td>\n<\/tr>\n<tr>\n<td>\n<ul>\n<li><span class=\"OYPEnA font-feature-liga-off font-feature-clig-off font-feature-calt-off text-decoration-none text-strikethrough-none\">t\u00eate de rotation :<\/span><\/li>\n<\/ul>\n<p>&nbsp;<\/p>\n<p class=\"cvGsUA direction-ltr align-start para-style-body\"><span class=\"OYPEnA font-feature-liga-off font-feature-clig-off font-feature-calt-off text-decoration-none text-strikethrough-none\">-torque : 4.5 knm.\u00a0 \u00a0 \u00a0 \u00a0 \u00a0 \u00a0 \u00a0 \u00a0 \u00a0 \u00a0 \u00a0 \u00a0<\/span><span class=\"OYPEnA font-feature-liga-off font-feature-clig-off font-feature-calt-off text-decoration-none text-strikethrough-none\">-rpm : 500 Tr\/mn.\u00a0 \u00a0 \u00a0 \u00a0 \u00a0 \u00a0 \u00a0 \u00a0 \u00a0 \u00a0 \u00a0 \u00a0 \u00a0 \u00a0 \u00a0<\/span><span class=\"OYPEnA font-feature-liga-off font-feature-clig-off font-feature-calt-off text-decoration-none text-strikethrough-none\">-effacement de tete.<\/span><\/p>\n<\/td>\n<\/tr>\n<tr>\n<td>\n<ul>\n<li><span class=\"OYPEnA font-feature-liga-off font-feature-clig-off font-feature-calt-off text-decoration-none text-strikethrough-none\">table des mors.<\/span><\/li>\n<\/ul>\n<\/td>\n<\/tr>\n<tr>\n<td>\n<ul>\n<li><span class=\"OYPEnA font-feature-liga-off font-feature-clig-off font-feature-calt-off text-decoration-none text-strikethrough-none\">pompe a boue.<\/span><\/li>\n<\/ul>\n<\/td>\n<\/tr>\n<tr>\n<td>\n<ul>\n<li><span class=\"OYPEnA font-feature-liga-off font-feature-clig-off font-feature-calt-off text-decoration-none text-strikethrough-none\">\u00e9claireur de travail de nuit.<\/span><\/li>\n<\/ul>\n<\/td>\n<\/tr>\n<\/tbody>\n<\/table>","protected":false},"excerpt":{"rendered":"<p>&nbsp; SONDEUSES GEOTECHNIQUE SUR CHENILLE: un \u00e9quipement sp\u00e9cialis\u00e9 con\u00e7u pour les \u00e9tudes g\u00e9otechniques dans des terrains difficiles d\u2019acc\u00e8s. &nbsp; DONN\u00c9ES TECHNIQUES: chenillard : &nbsp; &#8211; longueur : 2m.\u00a0 \u00a0 \u00a0&hellip;<\/p>","protected":false},"featured_media":5972,"template":"","meta":[],"product_brand":[],"product_cat":[77],"product_tag":[],"class_list":{"0":"post-5976","1":"product","2":"type-product","3":"status-publish","4":"has-post-thumbnail","6":"product_cat-geotechnique","8":"first","9":"instock","10":"shipping-taxable","11":"product-type-simple"},"_links":{"self":[{"href":"https:\/\/meditool-dz.com\/en\/wp-json\/wp\/v2\/product\/5976","targetHints":{"allow":["GET"]}}],"collection":[{"href":"https:\/\/meditool-dz.com\/en\/wp-json\/wp\/v2\/product"}],"about":[{"href":"https:\/\/meditool-dz.com\/en\/wp-json\/wp\/v2\/types\/product"}],"wp:featuredmedia":[{"embeddable":true,"href":"https:\/\/meditool-dz.com\/en\/wp-json\/wp\/v2\/media\/5972"}],"wp:attachment":[{"href":"https:\/\/meditool-dz.com\/en\/wp-json\/wp\/v2\/media?parent=5976"}],"wp:term":[{"taxonomy":"product_brand","embeddable":true,"href":"https:\/\/meditool-dz.com\/en\/wp-json\/wp\/v2\/product_brand?post=5976"},{"taxonomy":"product_cat","embeddable":true,"href":"https:\/\/meditool-dz.com\/en\/wp-json\/wp\/v2\/product_cat?post=5976"},{"taxonomy":"product_tag","embeddable":true,"href":"https:\/\/meditool-dz.com\/en\/wp-json\/wp\/v2\/product_tag?post=5976"}],"curies":[{"name":"wp","href":"https:\/\/api.w.org\/{rel}","templated":true}]}}